{"id":9605,"date":"2025-09-25T16:51:49","date_gmt":"2025-09-25T14:51:49","guid":{"rendered":"https:\/\/lagardeniablu.it\/?post_type=product&#038;p=9605"},"modified":"2025-09-25T16:51:50","modified_gmt":"2025-09-25T14:51:50","slug":"lancome-artliner-24h-eyeliner-bold-color-precision-011-silver-argent","status":"publish","type":"product","link":"https:\/\/lagardeniablu.it\/en\/product\/lancome-artliner-24h-eyeliner-bold-color-precision-011-silver-argent\/","title":{"rendered":"Lanc\u00f4me Artliner 24H Eyeliner bold color precision 011 Silver argent"},"content":{"rendered":"<p>Artliner Laque 24 \u00e8 un eyeliner liquido Lanc\u00f4me che dura 24 ore e non sbava. Il nuovo formato \u00e8 stato sviluppato con una punta in feltro brevettata per personalizzare e creare il look desiderato senza sforzo. Traccia una sofisticata linea nera e crea risultati sofisticati o un audace effetto multicolore, il colore dura e rimane vibrante per 24 ore.<\/p>\n<p>011 Silver argent<\/p>","protected":false},"excerpt":{"rendered":"<p>Artliner Laque 24 \u00e8 un eyeliner liquido Lanc\u00f4me che dura 24 ore e non sbava. Il nuovo formato \u00e8 stato sviluppato con una punta in feltro brevettata per personalizzare e creare il look desiderato senza sforzo. Traccia una sofisticata linea nera e crea risultati sofisticati o un audace effetto multicolore, il colore dura e rimane [&hellip;]<\/p>\n","protected":false},"featured_media":9606,"comment_status":"open","ping_status":"closed","template":"","meta":{"_acf_changed":false},"product_brand":[],"product_cat":[38,23,35],"product_tag":[],"class_list":{"0":"post-9605","1":"product","2":"type-product","3":"status-publish","4":"has-post-thumbnail","6":"product_cat-eyeliner","7":"product_cat-make-up","8":"product_cat-occhi","9":"product_shipping_class-spedizione-a-tariffa-unica","11":"first","12":"instock","13":"shipping-taxable","14":"purchasable","15":"product-type-simple"},"acf":[],"jetpack_sharing_enabled":true,"_links":{"self":[{"href":"https:\/\/lagardeniablu.it\/en\/wp-json\/wp\/v2\/product\/9605","targetHints":{"allow":["GET"]}}],"collection":[{"href":"https:\/\/lagardeniablu.it\/en\/wp-json\/wp\/v2\/product"}],"about":[{"href":"https:\/\/lagardeniablu.it\/en\/wp-json\/wp\/v2\/types\/product"}],"replies":[{"embeddable":true,"href":"https:\/\/lagardeniablu.it\/en\/wp-json\/wp\/v2\/comments?post=9605"}],"wp:featuredmedia":[{"embeddable":true,"href":"https:\/\/lagardeniablu.it\/en\/wp-json\/wp\/v2\/media\/9606"}],"wp:attachment":[{"href":"https:\/\/lagardeniablu.it\/en\/wp-json\/wp\/v2\/media?parent=9605"}],"wp:term":[{"taxonomy":"product_brand","embeddable":true,"href":"https:\/\/lagardeniablu.it\/en\/wp-json\/wp\/v2\/product_brand?post=9605"},{"taxonomy":"product_cat","embeddable":true,"href":"https:\/\/lagardeniablu.it\/en\/wp-json\/wp\/v2\/product_cat?post=9605"},{"taxonomy":"product_tag","embeddable":true,"href":"https:\/\/lagardeniablu.it\/en\/wp-json\/wp\/v2\/product_tag?post=9605"}],"curies":[{"name":"wp","href":"https:\/\/api.w.org\/{rel}","templated":true}]}}